{"id":112,"date":"2021-11-01T19:56:30","date_gmt":"2021-11-01T19:56:30","guid":{"rendered":"http:\/\/pastordanilosantos.com.br\/?page_id=112"},"modified":"2022-09-29T18:47:47","modified_gmt":"2022-09-29T18:47:47","slug":"historia-pastor-danilo","status":"publish","type":"page","link":"https:\/\/pastordanilosantos.com.br\/?page_id=112","title":{"rendered":"HIST\u00d3RIA PASTOR DANILO"},"content":{"rendered":"\n<div class=\"container section-title-container\" ><h3 class=\"section-title section-title-bold-center\"><b><\/b><span class=\"section-title-main\" >Hoje posso afirmar:  em Cristo sou mais  que vencedor!<\/span><b><\/b><\/h3><\/div>\n\n<div class=\"row\"  id=\"row-1458992901\">\n\n\n\t<div id=\"col-1484811409\" class=\"col medium-6 small-12 large-6\"  >\n\t\t<div class=\"col-inner\"  >\n\t\t\t\n\t\t\t\n\n<p>Pastor Danilo Clemente dos Santos nasceu e cresceu em um bairro simples da periferia, chamado Maria Pinheiro, l\u00e1 em Itabuna,\u00a0Bahia. Ele \u00e9 filho de Maria Luiza Clemente dos Santos e Jos\u00e9 Nilson Batista dos Santos (in memoriam)<\/p>\n<p>\u201cMinha m\u00e3e, lavadeira, sozinha criou 17 filhos em uma casa de madeira em situa\u00e7\u00e3o de extrema pobreza. Acordava ainda de madrugada, com fome, para ir \u00e0 feira trabalhar para ajudar nas despesas de casa. Apesar das priva\u00e7\u00f5es, \u00e9ramos felizes\u201d, foi adotado pela professora Aida Carvalho, \u201cminha m\u00e3e adotiva, que me conduziu ao Caminho do Senhor. Hoje, sou um homem de boa conduta, pastor, pregador do Evangelho de Cristo, conferencista e superintendente da Conven\u00e7\u00e3o CINLEB (Conven\u00e7\u00e3o Internacional de L\u00edderes Evang\u00e9licos no Brasil), tenho um filho por nome Estev\u00e3o dos Santos. Resido recentemente na cidade de Montanha no Estado do Esp\u00edrito Santo\u201d.<\/p>\n<p>Segundo ele, foram muitas as oportunidades para entrar para o mundo do tr\u00e1fico, dos v\u00edcios, das drogas e do crime, \u201cmas conheci o Senhor Jesus! Um caminho maravilhoso que nos conduz a vida eterna!\u201d. E, assim, muito jovem, teve o despertar intenso e resoluto em seu cora\u00e7\u00e3o de ser um ministro do Evangelho.<\/p>\n<p>Exemplo de f\u00e9 e resili\u00eancia, o pastor Danilo testemunha as b\u00ean\u00e7\u00e3os de supera\u00e7\u00e3o atrav\u00e9s da presen\u00e7a gloriosa de Jesus em sua vida: \u201cTive um<br \/>transtorno familiar, mas, hoje, vivo para a obra do Senhor. Passei, por diversas vezes, no vale da sombra da morte e por muitas prova\u00e7\u00f5es, mas o Senhor de todas as coisas me livrou. Hoje, posso afirmar: em Cristo sou mais que vencedor!\u201d.<\/p>\n<p>\u201cEm Salmos 126: 5,6 \u2014 Os que semeiam em l\u00e1grimas segar\u00e3o com alegria. Aquele que leva a preciosa semente, andando e chorando, voltar\u00e1, sem d\u00favida, com alegria, trazendo consigo os seus molhos\u201d, finaliza.<\/p>\n<p>Pastor Danilo Santos \u00e9 pastor superintendente da CINLEB, atualmente, um dos pastores mais requisitados para grandes eventos, como congressos, cruzadas etc.<\/p>\n<p>\u00a0<\/p>\n<p>\u00a0<\/p>\n\n\t\t<\/div>\n\t\t\t<\/div>\n\n\t\n\n\t<div id=\"col-1513750873\" class=\"col medium-6 small-12 large-6\"  >\n\t\t<div class=\"col-inner text-center\"  >\n\t\t\t\n\t\t\t\n\n\t<div class=\"img has-hover x md-x lg-x y md-y lg-y\" id=\"image_1981364975\">\n\t\t\t\t\t\t\t\t<div class=\"img-inner dark\" >\n\t\t\t<img loading=\"lazy\" decoding=\"async\" width=\"455\" height=\"679\" src=\"https:\/\/pastordanilosantos.com.br\/wp-content\/uploads\/2022\/09\/WhatsApp-Image-2022-09-29-at-09.06.39-1.jpeg\" class=\"attachment-large size-large\" alt=\"\" srcset=\"https:\/\/pastordanilosantos.com.br\/wp-content\/uploads\/2022\/09\/WhatsApp-Image-2022-09-29-at-09.06.39-1.jpeg 455w, https:\/\/pastordanilosantos.com.br\/wp-content\/uploads\/2022\/09\/WhatsApp-Image-2022-09-29-at-09.06.39-1-201x300.jpeg 201w\" sizes=\"auto, (max-width: 455px) 100vw, 455px\" \/>\t\t\t\t\t\t\n\t\t\t\t\t<\/div>\n\t\t\t\t\t\t\t\t\n<style>\n#image_1981364975 {\n  width: 80%;\n}\n<\/style>\n\t<\/div>\n\t\n\n<div class=\"row\"  id=\"row-1889628925\">\n\n\n\t<div id=\"col-30508587\" class=\"col small-12 large-12\"  >\n\t\t<div class=\"col-inner\"  >\n\t\t\t\n\t\t\t\n\n<a href=\"https:\/\/api.whatsapp.com\/send?phone=5527999432573\" target=\"_self\" class=\"button primary\"  >\n    <span>FALAR COM PASTOR AGORA<\/span>\n  <\/a>\n\n\n\n\t\t<\/div>\n\t\t\t<\/div>\n\n\t\n\n<\/div>\n\n\t\t<\/div>\n\t\t\t<\/div>\n\n\t\n\n<\/div>\n\n","protected":false},"excerpt":{"rendered":"","protected":false},"author":1,"featured_media":0,"parent":0,"menu_order":0,"comment_status":"closed","ping_status":"closed","template":"","meta":{"_monsterinsights_skip_tracking":false,"_monsterinsights_sitenote_active":false,"_monsterinsights_sitenote_note":"","_monsterinsights_sitenote_category":0,"footnotes":""},"class_list":["post-112","page","type-page","status-publish","hentry"],"aioseo_notices":[],"_links":{"self":[{"href":"https:\/\/pastordanilosantos.com.br\/index.php?rest_route=\/wp\/v2\/pages\/112","targetHints":{"allow":["GET"]}}],"collection":[{"href":"https:\/\/pastordanilosantos.com.br\/index.php?rest_route=\/wp\/v2\/pages"}],"about":[{"href":"https:\/\/pastordanilosantos.com.br\/index.php?rest_route=\/wp\/v2\/types\/page"}],"author":[{"embeddable":true,"href":"https:\/\/pastordanilosantos.com.br\/index.php?rest_route=\/wp\/v2\/users\/1"}],"replies":[{"embeddable":true,"href":"https:\/\/pastordanilosantos.com.br\/index.php?rest_route=%2Fwp%2Fv2%2Fcomments&post=112"}],"version-history":[{"count":6,"href":"https:\/\/pastordanilosantos.com.br\/index.php?rest_route=\/wp\/v2\/pages\/112\/revisions"}],"predecessor-version":[{"id":126,"href":"https:\/\/pastordanilosantos.com.br\/index.php?rest_route=\/wp\/v2\/pages\/112\/revisions\/126"}],"wp:attachment":[{"href":"https:\/\/pastordanilosantos.com.br\/index.php?rest_route=%2Fwp%2Fv2%2Fmedia&parent=112"}],"curies":[{"name":"wp","href":"https:\/\/api.w.org\/{rel}","templated":true}]}}