{"id":2,"date":"2021-10-19T19:51:24","date_gmt":"2021-10-19T19:51:24","guid":{"rendered":"http:\/\/pastordanilosantos.com.br\/?page_id=2"},"modified":"2025-02-23T18:07:01","modified_gmt":"2025-02-23T18:07:01","slug":"sample-page","status":"publish","type":"page","link":"https:\/\/pastordanilosantos.com.br\/","title":{"rendered":"HOME"},"content":{"rendered":"\n<div class=\"slider-wrapper relative\" id=\"slider-1106961708\" style=\"background-color:rgb(0, 0, 0);\">\n    <div class=\"slider slider-nav-circle slider-nav-large slider-nav-light slider-style-normal\"\n        data-flickity-options='{\n            \"cellAlign\": \"center\",\n            \"imagesLoaded\": true,\n            \"lazyLoad\": 1,\n            \"freeScroll\": false,\n            \"wrapAround\": true,\n            \"autoPlay\": 6000,\n            \"pauseAutoPlayOnHover\" : true,\n            \"prevNextButtons\": true,\n            \"contain\" : true,\n            \"adaptiveHeight\" : true,\n            \"dragThreshold\" : 10,\n            \"percentPosition\": true,\n            \"pageDots\": true,\n            \"rightToLeft\": false,\n            \"draggable\": true,\n            \"selectedAttraction\": 0.1,\n            \"parallax\" : 0,\n            \"friction\": 0.6        }'\n        >\n        \n\n\n  <div class=\"banner has-hover is-full-height\" id=\"banner-1975727117\">\n          <div class=\"banner-inner fill\">\n        <div class=\"banner-bg fill\" >\n            <div class=\"bg fill bg-fill \"><\/div>\n                        <div class=\"overlay\"><\/div>            \n                    <\/div>\n        <div class=\"banner-layers container\">\n            <div class=\"fill banner-link\"><\/div>            \n\n   <div id=\"text-box-244619787\" class=\"text-box banner-layer x50 md-x90 lg-x90 y50 md-y50 lg-y50 res-text\">\n                                <div class=\"text-box-content text dark\">\n              \n              <div class=\"text-inner text-center\">\n                  \n\n\t<div class=\"img has-hover x md-x lg-x y md-y lg-y\" id=\"image_1683039708\">\n\t\t\t\t\t\t<div data-animate=\"fadeInUp\">\t\t<div class=\"img-inner dark\" >\n\t\t\t<img loading=\"lazy\" decoding=\"async\" width=\"655\" height=\"905\" src=\"https:\/\/pastordanilosantos.com.br\/wp-content\/uploads\/2022\/09\/pastor-danilo-santos-conferencista4-1.png\" class=\"attachment-large size-large\" alt=\"\" srcset=\"https:\/\/pastordanilosantos.com.br\/wp-content\/uploads\/2022\/09\/pastor-danilo-santos-conferencista4-1.png 655w, https:\/\/pastordanilosantos.com.br\/wp-content\/uploads\/2022\/09\/pastor-danilo-santos-conferencista4-1-217x300.png 217w\" sizes=\"auto, (max-width: 655px) 100vw, 655px\" \/>\t\t\t\t\t\t\n\t\t\t\t\t<\/div>\n\t\t<\/div>\t\t\t\t\t\t\n<style>\n#image_1683039708 {\n  width: 84%;\n}\n@media (min-width:550px) {\n  #image_1683039708 {\n    width: 100%;\n  }\n}\n<\/style>\n\t<\/div>\n\t\n\n\n              <\/div>\n           <\/div>\n                            \n<style>\n#text-box-244619787 {\n  width: 100%;\n}\n#text-box-244619787 .text-box-content {\n  font-size: 100%;\n}\n@media (min-width:550px) {\n  #text-box-244619787 {\n    width: 48%;\n  }\n}\n<\/style>\n    <\/div>\n \n\t<div class=\"img has-hover x50 md-x0 lg-x0 y75 md-y70 lg-y70\" id=\"image_1765121160\">\n\t\t\t\t\t\t\t\t<div class=\"img-inner dark\" >\n\t\t\t<img loading=\"lazy\" decoding=\"async\" width=\"499\" height=\"171\" src=\"https:\/\/pastordanilosantos.com.br\/wp-content\/uploads\/2021\/10\/MMIN.png\" class=\"attachment-large size-large\" alt=\"\" srcset=\"https:\/\/pastordanilosantos.com.br\/wp-content\/uploads\/2021\/10\/MMIN.png 499w, https:\/\/pastordanilosantos.com.br\/wp-content\/uploads\/2021\/10\/MMIN-300x103.png 300w\" sizes=\"auto, (max-width: 499px) 100vw, 499px\" \/>\t\t\t\t\t\t\n\t\t\t\t\t<\/div>\n\t\t\t\t\t\t\t\t\n<style>\n#image_1765121160 {\n  width: 80%;\n}\n@media (min-width:550px) {\n  #image_1765121160 {\n    width: 56%;\n  }\n}\n<\/style>\n\t<\/div>\n\t\n\n   <div id=\"text-box-1669374132\" class=\"text-box banner-layer x95 md-x10 lg-x10 y95 md-y90 lg-y90 res-text\">\n                                <div class=\"text-box-content text dark\">\n              \n              <div class=\"text-inner text-left\">\n                  \n\n<a href=\"https:\/\/api.whatsapp.com\/send?phone=5527999432573\" target=\"_self\" class=\"button success is-shade is-xlarge box-shadow-4 box-shadow-5-hover\"  style=\"border-radius:10px;\">\n  <i class=\"icon-phone\" ><\/i>  <span>agendar agora<\/span>\n  <\/a>\n\n\n<a href=\"http:\/\/pastordanilosantos.com.br\/?page_id=112\" target=\"_self\" class=\"button success is-shade is-xlarge box-shadow-4 box-shadow-5-hover\"  style=\"border-radius:10px;\">\n  <i class=\"icon-star\" ><\/i>  <span>nossa hist\u00f3ria<\/span>\n  <\/a>\n\n\n\n              <\/div>\n           <\/div>\n                            \n<style>\n#text-box-1669374132 {\n  width: 81%;\n}\n#text-box-1669374132 .text-box-content {\n  font-size: 100%;\n}\n@media (min-width:550px) {\n  #text-box-1669374132 {\n    width: 72%;\n  }\n}\n<\/style>\n    <\/div>\n \n\n        <\/div>\n      <\/div>\n\n            \n<style>\n#banner-1975727117 {\n  padding-top: 190%;\n}\n#banner-1975727117 .bg.bg-loaded {\n  background-image: url(https:\/\/pastordanilosantos.com.br\/wp-content\/uploads\/2025\/02\/Eagle-Flying-Over-Waterfall-Sunrise-57303765-1.png);\n}\n#banner-1975727117 .overlay {\n  background-color: rgba(0, 0, 0, 0.576);\n}\n#banner-1975727117 .bg {\n  background-position: 63% 100%;\n}\n@media (min-width:550px) {\n  #banner-1975727117 {\n    padding-top: 100%;\n  }\n}\n<\/style>\n  <\/div>\n\n\n\n     <\/div>\n\n     <div class=\"loading-spin dark large centered\"><\/div>\n\n     \t<\/div>\n\n\n\t<section class=\"section dark\" id=\"section_95950161\">\n\t\t<div class=\"bg section-bg fill bg-fill  bg-loaded\" >\n\n\t\t\t\n\t\t\t\n\t\t\t\n\n\t\t<\/div>\n\n\t\t<div class=\"section-content relative\">\n\t\t\t\n\n<div class=\"row\"  id=\"row-883589299\">\n\n\n\t<div id=\"col-1564423474\" class=\"col small-12 large-12\"  >\n\t\t<div class=\"col-inner text-center\"  >\n\t\t\t\n\t\t\t\n\n<h2>PASTOR DANILO SANTOS , SEU MINIST\u00c9RIO \u00c9 DE CURAS, MILAGRES E SALVA\u00c7\u00c3O. FALE CONOSCO.<\/h2>\n<div class=\"row\"  id=\"row-2053060166\">\n\n\n\t<div id=\"col-1583373918\" class=\"col small-12 large-12\"  >\n\t\t<div class=\"col-inner\"  >\n\t\t\t\n\t\t\t\n\n<h3><span style=\"color: #ffff00;\">FA\u00c7A SEU PEDIDO DE ORA\u00c7\u00c3O\u00a0 PELO NOSSO WHATSAPP<\/span><\/h3>\n\n\t\t<\/div>\n\t\t\t<\/div>\n\n\t\n\n<\/div>\n<div class=\"row\"  id=\"row-2102425050\">\n\n\n\t<div id=\"col-592587939\" class=\"col small-12 large-12\"  >\n\t\t<div class=\"col-inner\"  >\n\t\t\t\n\t\t\t\n\n<div class=\"is-divider divider clearfix\" style=\"max-width:0px;height:0px;\"><\/div>\n\n<div class=\"row\"  id=\"row-635276220\">\n\n\n\t<div id=\"col-516048306\" class=\"col medium-3 small-6 large-3\"  >\n\t\t<div class=\"col-inner\"  >\n\t\t\t\n\t\t\t\n\n\t<div class=\"img has-hover x md-x lg-x y md-y lg-y\" id=\"image_1340558186\">\n\t\t\t\t\t\t<div data-animate=\"fadeInRight\">\t\t<div class=\"img-inner dark\" >\n\t\t\t<img loading=\"lazy\" decoding=\"async\" width=\"720\" height=\"960\" src=\"https:\/\/pastordanilosantos.com.br\/wp-content\/uploads\/2025\/02\/WhatsApp-Image-2025-02-18-at-16.26.03.jpeg\" class=\"attachment-large size-large\" alt=\"\" srcset=\"https:\/\/pastordanilosantos.com.br\/wp-content\/uploads\/2025\/02\/WhatsApp-Image-2025-02-18-at-16.26.03.jpeg 720w, https:\/\/pastordanilosantos.com.br\/wp-content\/uploads\/2025\/02\/WhatsApp-Image-2025-02-18-at-16.26.03-225x300.jpeg 225w\" sizes=\"auto, (max-width: 720px) 100vw, 720px\" \/>\t\t\t\t\t\t\n\t\t\t\t\t<\/div>\n\t\t<\/div>\t\t\t\t\t\t\n<style>\n#image_1340558186 {\n  width: 100%;\n}\n<\/style>\n\t<\/div>\n\t\n\n\t<div class=\"img has-hover x md-x lg-x y md-y lg-y\" id=\"image_392767117\">\n\t\t\t\t\t\t<div data-animate=\"fadeInRight\">\t\t<div class=\"img-inner dark\" >\n\t\t\t<img loading=\"lazy\" decoding=\"async\" width=\"1020\" height=\"765\" src=\"https:\/\/pastordanilosantos.com.br\/wp-content\/uploads\/2025\/02\/WhatsApp-Image-2025-02-22-at-22.34.58-1024x768.jpeg\" class=\"attachment-large size-large\" alt=\"\" srcset=\"https:\/\/pastordanilosantos.com.br\/wp-content\/uploads\/2025\/02\/WhatsApp-Image-2025-02-22-at-22.34.58-1024x768.jpeg 1024w, https:\/\/pastordanilosantos.com.br\/wp-content\/uploads\/2025\/02\/WhatsApp-Image-2025-02-22-at-22.34.58-300x225.jpeg 300w, https:\/\/pastordanilosantos.com.br\/wp-content\/uploads\/2025\/02\/WhatsApp-Image-2025-02-22-at-22.34.58-768x576.jpeg 768w, https:\/\/pastordanilosantos.com.br\/wp-content\/uploads\/2025\/02\/WhatsApp-Image-2025-02-22-at-22.34.58.jpeg 1280w\" sizes=\"auto, (max-width: 1020px) 100vw, 1020px\" \/>\t\t\t\t\t\t\n\t\t\t\t\t<\/div>\n\t\t<\/div>\t\t\t\t\t\t\n<style>\n#image_392767117 {\n  width: 100%;\n}\n<\/style>\n\t<\/div>\n\t\n\n\n\t\t<\/div>\n\t\t\t<\/div>\n\n\t\n\n\t<div id=\"col-125785776\" class=\"col medium-3 small-6 large-3\"  >\n\t\t<div class=\"col-inner\"  >\n\t\t\t\n\t\t\t\n\n\t<div class=\"img has-hover x md-x lg-x y md-y lg-y\" id=\"image_1040128611\">\n\t\t\t\t\t\t<div data-animate=\"fadeInLeft\">\t\t<div class=\"img-inner dark\" >\n\t\t\t<img loading=\"lazy\" decoding=\"async\" width=\"819\" height=\"1024\" src=\"https:\/\/pastordanilosantos.com.br\/wp-content\/uploads\/2025\/02\/WhatsApp-Image-2025-02-18-at-16.29.02-1-819x1024.jpeg\" class=\"attachment-large size-large\" alt=\"\" srcset=\"https:\/\/pastordanilosantos.com.br\/wp-content\/uploads\/2025\/02\/WhatsApp-Image-2025-02-18-at-16.29.02-1-819x1024.jpeg 819w, https:\/\/pastordanilosantos.com.br\/wp-content\/uploads\/2025\/02\/WhatsApp-Image-2025-02-18-at-16.29.02-1-240x300.jpeg 240w, https:\/\/pastordanilosantos.com.br\/wp-content\/uploads\/2025\/02\/WhatsApp-Image-2025-02-18-at-16.29.02-1-768x960.jpeg 768w, https:\/\/pastordanilosantos.com.br\/wp-content\/uploads\/2025\/02\/WhatsApp-Image-2025-02-18-at-16.29.02-1-1229x1536.jpeg 1229w, https:\/\/pastordanilosantos.com.br\/wp-content\/uploads\/2025\/02\/WhatsApp-Image-2025-02-18-at-16.29.02-1.jpeg 1280w\" sizes=\"auto, (max-width: 819px) 100vw, 819px\" \/>\t\t\t\t\t\t\n\t\t\t\t\t<\/div>\n\t\t<\/div>\t\t\t\t\t\t\n<style>\n#image_1040128611 {\n  width: 100%;\n}\n<\/style>\n\t<\/div>\n\t\n\n\t<div class=\"img has-hover x md-x lg-x y md-y lg-y\" id=\"image_543043936\">\n\t\t\t\t\t\t<div data-animate=\"fadeInLeft\">\t\t<div class=\"img-inner dark\" >\n\t\t\t<img loading=\"lazy\" decoding=\"async\" width=\"576\" height=\"576\" src=\"https:\/\/pastordanilosantos.com.br\/wp-content\/uploads\/2025\/02\/WhatsApp-Image-2025-02-22-at-22.34.58-1.jpeg\" class=\"attachment-large size-large\" alt=\"\" srcset=\"https:\/\/pastordanilosantos.com.br\/wp-content\/uploads\/2025\/02\/WhatsApp-Image-2025-02-22-at-22.34.58-1.jpeg 576w, https:\/\/pastordanilosantos.com.br\/wp-content\/uploads\/2025\/02\/WhatsApp-Image-2025-02-22-at-22.34.58-1-300x300.jpeg 300w, https:\/\/pastordanilosantos.com.br\/wp-content\/uploads\/2025\/02\/WhatsApp-Image-2025-02-22-at-22.34.58-1-150x150.jpeg 150w\" sizes=\"auto, (max-width: 576px) 100vw, 576px\" \/>\t\t\t\t\t\t\n\t\t\t\t\t<\/div>\n\t\t<\/div>\t\t\t\t\t\t\n<style>\n#image_543043936 {\n  width: 100%;\n}\n<\/style>\n\t<\/div>\n\t\n\n\n\t\t<\/div>\n\t\t\t<\/div>\n\n\t\n\n\t<div id=\"col-1909603489\" class=\"col medium-3 small-12 large-3\"  >\n\t\t<div class=\"col-inner text-center\"  >\n\t\t\t\n\t\t\t\n\n\t<div class=\"img has-hover x md-x lg-x y md-y lg-y\" id=\"image_1868339489\">\n\t\t\t\t\t\t<div data-animate=\"fadeInRight\">\t\t<div class=\"img-inner dark\" >\n\t\t\t<img loading=\"lazy\" decoding=\"async\" width=\"655\" height=\"905\" src=\"https:\/\/pastordanilosantos.com.br\/wp-content\/uploads\/2022\/09\/pastor-danilo-santos-conferencista2.png\" class=\"attachment-large size-large\" alt=\"\" srcset=\"https:\/\/pastordanilosantos.com.br\/wp-content\/uploads\/2022\/09\/pastor-danilo-santos-conferencista2.png 655w, https:\/\/pastordanilosantos.com.br\/wp-content\/uploads\/2022\/09\/pastor-danilo-santos-conferencista2-217x300.png 217w\" sizes=\"auto, (max-width: 655px) 100vw, 655px\" \/>\t\t\t\t\t\t\n\t\t\t\t\t<\/div>\n\t\t<\/div>\t\t\t\t\t\t\n<style>\n#image_1868339489 {\n  width: 100%;\n}\n<\/style>\n\t<\/div>\n\t\n\n\t<div class=\"img has-hover x md-x lg-x y md-y lg-y\" id=\"image_2090395802\">\n\t\t\t\t\t\t<div data-animate=\"fadeInRight\">\t\t<div class=\"img-inner dark\" >\n\t\t\t<img loading=\"lazy\" decoding=\"async\" width=\"720\" height=\"480\" src=\"https:\/\/pastordanilosantos.com.br\/wp-content\/uploads\/2025\/02\/WhatsApp-Image-2025-02-22-at-22.34.58-2.jpeg\" class=\"attachment-large size-large\" alt=\"\" srcset=\"https:\/\/pastordanilosantos.com.br\/wp-content\/uploads\/2025\/02\/WhatsApp-Image-2025-02-22-at-22.34.58-2.jpeg 720w, https:\/\/pastordanilosantos.com.br\/wp-content\/uploads\/2025\/02\/WhatsApp-Image-2025-02-22-at-22.34.58-2-300x200.jpeg 300w\" sizes=\"auto, (max-width: 720px) 100vw, 720px\" \/>\t\t\t\t\t\t\n\t\t\t\t\t<\/div>\n\t\t<\/div>\t\t\t\t\t\t\n<style>\n#image_2090395802 {\n  width: 100%;\n}\n<\/style>\n\t<\/div>\n\t\n\n\n\t\t<\/div>\n\t\t\t<\/div>\n\n\t\n\n\t<div id=\"col-40151249\" class=\"col medium-3 small-12 large-3\"  >\n\t\t<div class=\"col-inner text-center\"  >\n\t\t\t\n\t\t\t\n\n\t<div class=\"img has-hover x md-x lg-x y md-y lg-y\" id=\"image_1675550481\">\n\t\t\t\t\t\t\t\t<div class=\"img-inner dark\" >\n\t\t\t<img loading=\"lazy\" decoding=\"async\" width=\"819\" height=\"1024\" src=\"https:\/\/pastordanilosantos.com.br\/wp-content\/uploads\/2025\/02\/WhatsApp-Image-2025-02-22-at-22.34.57-819x1024.jpeg\" class=\"attachment-large size-large\" alt=\"\" srcset=\"https:\/\/pastordanilosantos.com.br\/wp-content\/uploads\/2025\/02\/WhatsApp-Image-2025-02-22-at-22.34.57-819x1024.jpeg 819w, https:\/\/pastordanilosantos.com.br\/wp-content\/uploads\/2025\/02\/WhatsApp-Image-2025-02-22-at-22.34.57-240x300.jpeg 240w, https:\/\/pastordanilosantos.com.br\/wp-content\/uploads\/2025\/02\/WhatsApp-Image-2025-02-22-at-22.34.57-768x961.jpeg 768w, https:\/\/pastordanilosantos.com.br\/wp-content\/uploads\/2025\/02\/WhatsApp-Image-2025-02-22-at-22.34.57.jpeg 949w\" sizes=\"auto, (max-width: 819px) 100vw, 819px\" \/>\t\t\t\t\t\t\n\t\t\t\t\t<\/div>\n\t\t\t\t\t\t\t\t\n<style>\n#image_1675550481 {\n  width: 100%;\n}\n<\/style>\n\t<\/div>\n\t\n\n\t<div class=\"img has-hover x md-x lg-x y md-y lg-y\" id=\"image_1693407381\">\n\t\t\t\t\t\t\t\t<div class=\"img-inner dark\" >\n\t\t\t<img loading=\"lazy\" decoding=\"async\" width=\"682\" height=\"1024\" src=\"https:\/\/pastordanilosantos.com.br\/wp-content\/uploads\/2025\/02\/WhatsApp-Image-2025-02-22-at-22.34.58-3-682x1024.jpeg\" class=\"attachment-large size-large\" alt=\"\" srcset=\"https:\/\/pastordanilosantos.com.br\/wp-content\/uploads\/2025\/02\/WhatsApp-Image-2025-02-22-at-22.34.58-3-682x1024.jpeg 682w, https:\/\/pastordanilosantos.com.br\/wp-content\/uploads\/2025\/02\/WhatsApp-Image-2025-02-22-at-22.34.58-3-200x300.jpeg 200w, https:\/\/pastordanilosantos.com.br\/wp-content\/uploads\/2025\/02\/WhatsApp-Image-2025-02-22-at-22.34.58-3-768x1152.jpeg 768w, https:\/\/pastordanilosantos.com.br\/wp-content\/uploads\/2025\/02\/WhatsApp-Image-2025-02-22-at-22.34.58-3.jpeg 853w\" sizes=\"auto, (max-width: 682px) 100vw, 682px\" \/>\t\t\t\t\t\t\n\t\t\t\t\t<\/div>\n\t\t\t\t\t\t\t\t\n<style>\n#image_1693407381 {\n  width: 100%;\n}\n<\/style>\n\t<\/div>\n\t\n\n\n\t\t<\/div>\n\t\t\t<\/div>\n\n\t\n\n<\/div>\n<div class=\"row\"  id=\"row-1843576367\">\n\n\n\t<div id=\"col-111720124\" class=\"col medium-3 small-12 large-3\"  >\n\t\t<div class=\"col-inner text-center\"  >\n\t\t\t\n\t\t\t\n\n\t<div class=\"img has-hover x md-x lg-x y md-y lg-y\" id=\"image_138342044\">\n\t\t<a class=\"\" href=\"https:\/\/www.youtube.com\/channel\/UC6MEMd3TCVQ4LO_-4h7oxWw\"  >\t\t\t\t\t\t<div class=\"img-inner dark\" >\n\t\t\t<img loading=\"lazy\" decoding=\"async\" width=\"398\" height=\"95\" src=\"https:\/\/pastordanilosantos.com.br\/wp-content\/uploads\/2021\/10\/bo1.png\" class=\"attachment-large size-large\" alt=\"\" srcset=\"https:\/\/pastordanilosantos.com.br\/wp-content\/uploads\/2021\/10\/bo1.png 398w, https:\/\/pastordanilosantos.com.br\/wp-content\/uploads\/2021\/10\/bo1-300x72.png 300w\" sizes=\"auto, (max-width: 398px) 100vw, 398px\" \/>\t\t\t\t\t\t\n\t\t\t\t\t<\/div>\n\t\t\t\t\t\t<\/a>\t\t\n<style>\n#image_138342044 {\n  width: 90%;\n}\n@media (min-width:550px) {\n  #image_138342044 {\n    width: 100%;\n  }\n}\n<\/style>\n\t<\/div>\n\t\n\n\n\t\t<\/div>\n\t\t\t<\/div>\n\n\t\n\n\t<div id=\"col-1746159776\" class=\"col medium-3 small-12 large-3\"  >\n\t\t<div class=\"col-inner text-center\"  >\n\t\t\t\n\t\t\t\n\n\t<div class=\"img has-hover x md-x lg-x y md-y lg-y\" id=\"image_33749219\">\n\t\t<a class=\"\" href=\"https:\/\/www.instagram.com\/pr.danilosantos_oficial\/\"  >\t\t\t\t\t\t<div class=\"img-inner dark\" >\n\t\t\t<img loading=\"lazy\" decoding=\"async\" width=\"398\" height=\"95\" src=\"https:\/\/pastordanilosantos.com.br\/wp-content\/uploads\/2021\/10\/bo2.png\" class=\"attachment-large size-large\" alt=\"\" srcset=\"https:\/\/pastordanilosantos.com.br\/wp-content\/uploads\/2021\/10\/bo2.png 398w, https:\/\/pastordanilosantos.com.br\/wp-content\/uploads\/2021\/10\/bo2-300x72.png 300w\" sizes=\"auto, (max-width: 398px) 100vw, 398px\" \/>\t\t\t\t\t\t\n\t\t\t\t\t<\/div>\n\t\t\t\t\t\t<\/a>\t\t\n<style>\n#image_33749219 {\n  width: 90%;\n}\n@media (min-width:550px) {\n  #image_33749219 {\n    width: 100%;\n  }\n}\n<\/style>\n\t<\/div>\n\t\n\n\n\t\t<\/div>\n\t\t\t<\/div>\n\n\t\n\n\t<div id=\"col-1161443900\" class=\"col medium-3 small-12 large-3\"  >\n\t\t<div class=\"col-inner text-center\"  >\n\t\t\t\n\t\t\t\n\n\t<div class=\"img has-hover x md-x lg-x y md-y lg-y\" id=\"image_236540658\">\n\t\t<a class=\"\" href=\"https:\/\/www.facebook.com\/daniloclementino.dossantos\"  >\t\t\t\t\t\t<div class=\"img-inner dark\" >\n\t\t\t<img loading=\"lazy\" decoding=\"async\" width=\"499\" height=\"119\" src=\"https:\/\/pastordanilosantos.com.br\/wp-content\/uploads\/2021\/10\/bo3.png\" class=\"attachment-large size-large\" alt=\"\" srcset=\"https:\/\/pastordanilosantos.com.br\/wp-content\/uploads\/2021\/10\/bo3.png 499w, https:\/\/pastordanilosantos.com.br\/wp-content\/uploads\/2021\/10\/bo3-300x72.png 300w\" sizes=\"auto, (max-width: 499px) 100vw, 499px\" \/>\t\t\t\t\t\t\n\t\t\t\t\t<\/div>\n\t\t\t\t\t\t<\/a>\t\t\n<style>\n#image_236540658 {\n  width: 90%;\n}\n@media (min-width:550px) {\n  #image_236540658 {\n    width: 100%;\n  }\n}\n<\/style>\n\t<\/div>\n\t\n\n\n\t\t<\/div>\n\t\t\t<\/div>\n\n\t\n\n\t<div id=\"col-2051150715\" class=\"col medium-3 small-12 large-3\"  >\n\t\t<div class=\"col-inner text-center\"  >\n\t\t\t\n\t\t\t\n\n\t<div class=\"img has-hover x md-x lg-x y md-y lg-y\" id=\"image_1636299718\">\n\t\t<a class=\"\" href=\"https:\/\/api.whatsapp.com\/send?phone=5527999432573\"  >\t\t\t\t\t\t<div class=\"img-inner dark\" >\n\t\t\t<img loading=\"lazy\" decoding=\"async\" width=\"398\" height=\"95\" src=\"https:\/\/pastordanilosantos.com.br\/wp-content\/uploads\/2021\/10\/bo4.png\" class=\"attachment-large size-large\" alt=\"\" srcset=\"https:\/\/pastordanilosantos.com.br\/wp-content\/uploads\/2021\/10\/bo4.png 398w, https:\/\/pastordanilosantos.com.br\/wp-content\/uploads\/2021\/10\/bo4-300x72.png 300w\" sizes=\"auto, (max-width: 398px) 100vw, 398px\" \/>\t\t\t\t\t\t\n\t\t\t\t\t<\/div>\n\t\t\t\t\t\t<\/a>\t\t\n<style>\n#image_1636299718 {\n  width: 90%;\n}\n@media (min-width:550px) {\n  #image_1636299718 {\n    width: 100%;\n  }\n}\n<\/style>\n\t<\/div>\n\t\n\n\n\t\t<\/div>\n\t\t\t<\/div>\n\n\t\n\n<\/div>\n\n\t\t<\/div>\n\t\t\t<\/div>\n\n\t\n\n<\/div>\n<div class=\"row\"  id=\"row-1764615733\">\n\n\n\t<div id=\"col-234174358\" class=\"col small-12 large-12\"  >\n\t\t<div class=\"col-inner\"  >\n\t\t\t\n\t\t\t\n\n<div class=\"row\"  id=\"row-868734409\">\n\n\n\t<div id=\"col-1045696545\" class=\"col small-12 large-12\"  >\n\t\t<div class=\"col-inner\"  >\n\t\t\t\n\t\t\t\n\n<h1><strong><span style=\"color: #ff0000;\">FA\u00c7A O DOWNLOAD AGORA!<\/span><\/strong><\/h1>\n\n\t\t<\/div>\n\t\t\t<\/div>\n\n\t\n\n<\/div>\n\n\t\t<\/div>\n\t\t\n<style>\n#col-234174358 > .col-inner {\n  margin: 0px 0px -41px 0px;\n}\n<\/style>\n\t<\/div>\n\n\t\n\n<\/div>\n<div class=\"row\"  id=\"row-800121443\">\n\n\n\t<div id=\"col-1236530042\" class=\"col small-12 large-12\"  >\n\t\t<div class=\"col-inner text-center\"  >\n\t\t\t\n\t\t\t\n\n\t<div class=\"img has-hover x md-x lg-x y md-y lg-y\" id=\"image_1828673494\">\n\t\t<a class=\"\" href=\"https:\/\/www.instagram.com\/p\/CVXhdmlLbH5\/\"  >\t\t\t\t\t\t<div class=\"img-inner dark\" >\n\t\t\t<img loading=\"lazy\" decoding=\"async\" width=\"500\" height=\"253\" src=\"https:\/\/pastordanilosantos.com.br\/wp-content\/uploads\/2021\/10\/logs.png\" class=\"attachment-large size-large\" alt=\"\" srcset=\"https:\/\/pastordanilosantos.com.br\/wp-content\/uploads\/2021\/10\/logs.png 500w, https:\/\/pastordanilosantos.com.br\/wp-content\/uploads\/2021\/10\/logs-300x152.png 300w\" sizes=\"auto, (max-width: 500px) 100vw, 500px\" \/>\t\t\t\t\t\t\n\t\t\t\t\t<\/div>\n\t\t\t\t\t\t<\/a>\t\t\n<style>\n#image_1828673494 {\n  width: 82%;\n}\n@media (min-width:550px) {\n  #image_1828673494 {\n    width: 23%;\n  }\n}\n<\/style>\n\t<\/div>\n\t\n\n\n\t\t<\/div>\n\t\t\n<style>\n#col-1236530042 > .col-inner {\n  padding: 0px 0px 0px 0px;\n  margin: 0px 0px -34px 0px;\n}\n<\/style>\n\t<\/div>\n\n\t\n\n<\/div>\n<div class=\"row\"  id=\"row-1027192253\">\n\n\n\t<div id=\"col-1690808644\" class=\"col small-12 large-12\"  >\n\t\t<div class=\"col-inner\"  >\n\t\t\t\n\t\t\t\n\n<a href=\"https:\/\/play.google.com\/store\/apps\/details?id=com.app.radiocinleb\" target=\"_self\" class=\"button alert is-shade is-larger box-shadow-4 box-shadow-5-hover\"  style=\"border-radius:10px;\">\n  <i class=\"icon-play\" ><\/i>  <span>INSTALAR R\u00c1DIO CINLEB<\/span>\n  <\/a>\n\n\n<a href=\"https:\/\/play.google.com\/store\/apps\/details?id=com.apptv.tvcinleb\" target=\"_self\" class=\"button alert is-shade is-larger box-shadow-4 box-shadow-5-hover\"  style=\"border-radius:10px;\">\n  <i class=\"icon-play\" ><\/i>  <span>INSTALAR TV CINLEB<\/span>\n  <\/a>\n\n\n\n\t\t<\/div>\n\t\t\t<\/div>\n\n\t\n\n<\/div>\n<div class=\"row\"  id=\"row-437229265\">\n\n\n\t<div id=\"col-2023677970\" class=\"col small-12 large-12\"  >\n\t\t<div class=\"col-inner\"  >\n\t\t\t\n\t\t\t\n\n<h2>COLABORE COM O MINIST\u00c9RIO DO PASTOR DANILO<\/h2>\n<div class=\"row\"  id=\"row-34285487\">\n\n\n\t<div id=\"col-644761970\" class=\"col small-12 large-12\"  >\n\t\t<div class=\"col-inner\"  >\n\t\t\t\n\t\t\t\n\n<h3><span style=\"color: #ffff00;\">CHAVE PIX: danilosantos2021ss@gmail.com<\/span><\/h3>\n<div class=\"row\"  id=\"row-1822378056\">\n\n\n\t<div id=\"col-1868242167\" class=\"col small-12 large-12\"  >\n\t\t<div class=\"col-inner\"  >\n\t\t\t\n\t\t\t\n\n<h3 style=\"text-align: center;\">CONTA POUPAN\u00c7A CAIXA:<br \/><span style=\"color: #ffff00;\"><strong>Ag.: 0716 &#8211; Op. 013 &#8211; Conta: 18304-5<\/strong><\/span><br \/>Danilo Clementino dos Santos<\/h3>\n\n\t\t<\/div>\n\t\t\t<\/div>\n\n\t\n\n<\/div>\n\n\t\t<\/div>\n\t\t\t<\/div>\n\n\t\n\n<\/div>\n\n\t\t<\/div>\n\t\t\t<\/div>\n\n\t\n\n<\/div>\n\n\t\t<\/div>\n\t\t\t<\/div>\n\n\t\n\n<\/div>\n\n\t\t<\/div>\n\n\t\t\n<style>\n#section_95950161 {\n  padding-top: 60px;\n  padding-bottom: 60px;\n  background-color: rgb(0, 0, 0);\n}\n<\/style>\n\t<\/section>\n\t\n\n","protected":false},"excerpt":{"rendered":"","protected":false},"author":1,"featured_media":0,"parent":0,"menu_order":0,"comment_status":"closed","ping_status":"open","template":"page-transparent-header-light.php","meta":{"_monsterinsights_skip_tracking":false,"_monsterinsights_sitenote_active":false,"_monsterinsights_sitenote_note":"","_monsterinsights_sitenote_category":0,"footnotes":""},"class_list":["post-2","page","type-page","status-publish","hentry"],"aioseo_notices":[],"_links":{"self":[{"href":"https:\/\/pastordanilosantos.com.br\/index.php?rest_route=\/wp\/v2\/pages\/2","targetHints":{"allow":["GET"]}}],"collection":[{"href":"https:\/\/pastordanilosantos.com.br\/index.php?rest_route=\/wp\/v2\/pages"}],"about":[{"href":"https:\/\/pastordanilosantos.com.br\/index.php?rest_route=\/wp\/v2\/types\/page"}],"author":[{"embeddable":true,"href":"https:\/\/pastordanilosantos.com.br\/index.php?rest_route=\/wp\/v2\/users\/1"}],"replies":[{"embeddable":true,"href":"https:\/\/pastordanilosantos.com.br\/index.php?rest_route=%2Fwp%2Fv2%2Fcomments&post=2"}],"version-history":[{"count":85,"href":"https:\/\/pastordanilosantos.com.br\/index.php?rest_route=\/wp\/v2\/pages\/2\/revisions"}],"predecessor-version":[{"id":195,"href":"https:\/\/pastordanilosantos.com.br\/index.php?rest_route=\/wp\/v2\/pages\/2\/revisions\/195"}],"wp:attachment":[{"href":"https:\/\/pastordanilosantos.com.br\/index.php?rest_route=%2Fwp%2Fv2%2Fmedia&parent=2"}],"curies":[{"name":"wp","href":"https:\/\/api.w.org\/{rel}","templated":true}]}}